{"id":68,"date":"2021-05-28T20:08:40","date_gmt":"2021-05-28T20:08:40","guid":{"rendered":"https:\/\/labcia.grupometis.org\/unfv\/?page_id=68"},"modified":"2021-06-01T13:36:11","modified_gmt":"2021-06-01T13:36:11","slug":"sobre-nosotros","status":"publish","type":"page","link":"https:\/\/labcia.grupometis.org\/unfv\/sobre-nosotros\/","title":{"rendered":"Sobre nosotros"},"content":{"rendered":"\t\t<div data-elementor-type=\"wp-page\" data-elementor-id=\"68\" class=\"elementor elementor-68\" data-elementor-settings=\"[]\">\n\t\t\t\t\t\t\t<div class=\"elementor-section-wrap\">\n\t\t\t\t\t\t\t<section class=\"elementor-section elementor-top-section elementor-element elementor-element-2d8a0cb elementor-section-boxed elementor-section-height-default elementor-section-height-default\" data-id=\"2d8a0cb\" data-element_type=\"section\">\n\t\t\t\t\t\t<div class=\"elementor-container elementor-column-gap-default\">\n\t\t\t\t\t<div class=\"elementor-column elementor-col-100 elementor-top-column elementor-element elementor-element-f6ae4fe\" data-id=\"f6ae4fe\" data-element_type=\"column\">\n\t\t\t<div class=\"elementor-widget-wrap elementor-element-populated\">\n\t\t\t\t\t\t\t\t<div class=\"elementor-element elementor-element-640c8d1 elementor-widget elementor-widget-heading\" data-id=\"640c8d1\" data-element_type=\"widget\" data-widget_type=\"heading.default\">\n\t\t\t\t<div class=\"elementor-widget-container\">\n\t\t\t<h1 class=\"elementor-heading-title elementor-size-default\">Ciclo de trabajo<\/h1>\t\t<\/div>\n\t\t\t\t<\/div>\n\t\t\t\t<div class=\"elementor-element elementor-element-091d369 elementor-widget elementor-widget-text-editor\" data-id=\"091d369\" data-element_type=\"widget\" data-widget_type=\"text-editor.default\">\n\t\t\t\t<div class=\"elementor-widget-container\">\n\t\t\t\t\t\t\t<p>El ciclo de trabajo es el flujo de actividades que orientan la ruta que organiza la participaci\u00f3n e intervenci\u00f3n de los diferentes elementos del marco de trabajo, el proceso trabajo que va desde la definici\u00f3n del tema de trabajo hasta la aplicaci\u00f3n del producto en las comunidades y articula los elementos que conforman el marco de trabajo del programa.<\/p><p><em><strong>1.Plan de acci\u00f3n\u00a0<\/strong><\/em><\/p><p>Seleccionar el contexto donde se realizar\u00e1n los proyectos, la definici\u00f3n del tema de trabajo que se desarrollar\u00e1 a trav\u00e9s de los proyectos, establecer los retos que se propondr\u00e1n a los participantes en el ciclo de trabajo y elaborar el cronograma de actividades y recursos para la ejecuci\u00f3n del ciclo.\u00a0<\/p><p><em><strong>2.Convocatoria<\/strong><\/em><\/p><p>Conformar el banco de proyectos que se ejecutar\u00e1n y que seguir\u00e1n el conjunto de actividades del ciclo de trabajo.<\/p><p><em><strong>3.Coordinar el seguimiento y desarrollo<\/strong><\/em><\/p><p>Determinar el grado de avance y retroalimentar la ejecuci\u00f3n de los proyectos<\/p><p><em><strong>4.Generaci\u00f3n del conocimiento<\/strong><\/em><\/p><p>Esta actividad tiene el prop\u00f3sito de incorporar el conocimiento generado a la base de conocimiento del programa.<\/p>\t\t\t\t\t\t<\/div>\n\t\t\t\t<\/div>\n\t\t\t\t<div class=\"elementor-element elementor-element-3b296b7 elementor-widget elementor-widget-image\" data-id=\"3b296b7\" data-element_type=\"widget\" data-widget_type=\"image.default\">\n\t\t\t\t<div class=\"elementor-widget-container\">\n\t\t\t\t\t\t\t\t\t\t\t\t\t\t\t<img src=\"https:\/\/labcia.grupometis.org\/ua\/wp-content\/uploads\/sites\/2\/2020\/11\/CICLO-DE-TRABAJO-UA.png\" title=\"\" alt=\"\" \/>\t\t\t\t\t\t\t\t\t\t\t\t\t\t\t<\/div>\n\t\t\t\t<\/div>\n\t\t\t\t\t<\/div>\n\t\t<\/div>\n\t\t\t\t\t\t\t<\/div>\n\t\t<\/section>\n\t\t\t\t<section class=\"elementor-section elementor-top-section elementor-element elementor-element-66ff31a elementor-section-boxed elementor-section-height-default elementor-section-height-default\" data-id=\"66ff31a\" data-element_type=\"section\">\n\t\t\t\t\t\t<div class=\"elementor-container elementor-column-gap-default\">\n\t\t\t\t\t<div class=\"elementor-column elementor-col-100 elementor-top-column elementor-element elementor-element-fc63474\" data-id=\"fc63474\" data-element_type=\"column\">\n\t\t\t<div class=\"elementor-widget-wrap elementor-element-populated\">\n\t\t\t\t\t\t\t\t<div class=\"elementor-element elementor-element-1e659f8 elementor-widget-divider--view-line elementor-widget elementor-widget-divider\" data-id=\"1e659f8\" data-element_type=\"widget\" data-widget_type=\"divider.default\">\n\t\t\t\t<div class=\"elementor-widget-container\">\n\t\t\t\t\t<div class=\"elementor-divider\">\n\t\t\t<span class=\"elementor-divider-separator\">\n\t\t\t\t\t\t<\/span>\n\t\t<\/div>\n\t\t\t\t<\/div>\n\t\t\t\t<\/div>\n\t\t\t\t<div class=\"elementor-element elementor-element-1a15813 elementor-widget elementor-widget-heading\" data-id=\"1a15813\" data-element_type=\"widget\" data-widget_type=\"heading.default\">\n\t\t\t\t<div class=\"elementor-widget-container\">\n\t\t\t<h1 class=\"elementor-heading-title elementor-size-default\">Marco de trabajo<\/h1>\t\t<\/div>\n\t\t\t\t<\/div>\n\t\t\t\t\t<\/div>\n\t\t<\/div>\n\t\t\t\t\t\t\t<\/div>\n\t\t<\/section>\n\t\t\t\t<section class=\"elementor-section elementor-top-section elementor-element elementor-element-6221149 elementor-section-boxed elementor-section-height-default elementor-section-height-default\" data-id=\"6221149\" data-element_type=\"section\">\n\t\t\t\t\t\t<div class=\"elementor-container elementor-column-gap-default\">\n\t\t\t\t\t<div class=\"elementor-column elementor-col-100 elementor-top-column elementor-element elementor-element-f84d650\" data-id=\"f84d650\" data-element_type=\"column\">\n\t\t\t<div class=\"elementor-widget-wrap elementor-element-populated\">\n\t\t\t\t\t\t\t\t<div class=\"elementor-element elementor-element-2972593 elementor-widget elementor-widget-image\" data-id=\"2972593\" data-element_type=\"widget\" data-widget_type=\"image.default\">\n\t\t\t\t<div class=\"elementor-widget-container\">\n\t\t\t\t\t\t\t\t\t\t\t\t\t\t\t<img src=\"https:\/\/labcia.grupometis.org\/ua\/wp-content\/uploads\/sites\/2\/2020\/11\/MARCO-DE-TRABAJO-UA.png\" title=\"\" alt=\"\" \/>\t\t\t\t\t\t\t\t\t\t\t\t\t\t\t<\/div>\n\t\t\t\t<\/div>\n\t\t\t\t\t<\/div>\n\t\t<\/div>\n\t\t\t\t\t\t\t<\/div>\n\t\t<\/section>\n\t\t\t\t\t\t<\/div>\n\t\t\t\t\t<\/div>\n\t\t","protected":false},"excerpt":{"rendered":"<p>Ciclo de trabajo El ciclo de trabajo es el flujo de actividades que orientan la ruta que organiza la participaci\u00f3n e intervenci\u00f3n de los diferentes elementos del marco de trabajo, el proceso trabajo que va desde la definici\u00f3n del tema de trabajo hasta la aplicaci\u00f3n del producto en las comunidades y articula los elementos que [&hellip;]<\/p>\n","protected":false},"author":1,"featured_media":0,"parent":0,"menu_order":0,"comment_status":"closed","ping_status":"closed","template":"","meta":[],"_links":{"self":[{"href":"https:\/\/labcia.grupometis.org\/unfv\/wp-json\/wp\/v2\/pages\/68"}],"collection":[{"href":"https:\/\/labcia.grupometis.org\/unfv\/wp-json\/wp\/v2\/pages"}],"about":[{"href":"https:\/\/labcia.grupometis.org\/unfv\/wp-json\/wp\/v2\/types\/page"}],"author":[{"embeddable":true,"href":"https:\/\/labcia.grupometis.org\/unfv\/wp-json\/wp\/v2\/users\/1"}],"replies":[{"embeddable":true,"href":"https:\/\/labcia.grupometis.org\/unfv\/wp-json\/wp\/v2\/comments?post=68"}],"version-history":[{"count":7,"href":"https:\/\/labcia.grupometis.org\/unfv\/wp-json\/wp\/v2\/pages\/68\/revisions"}],"predecessor-version":[{"id":92,"href":"https:\/\/labcia.grupometis.org\/unfv\/wp-json\/wp\/v2\/pages\/68\/revisions\/92"}],"wp:attachment":[{"href":"https:\/\/labcia.grupometis.org\/unfv\/wp-json\/wp\/v2\/media?parent=68"}],"curies":[{"name":"wp","href":"https:\/\/api.w.org\/{rel}","templated":true}]}}