{"id":64,"date":"2021-05-28T20:07:36","date_gmt":"2021-05-28T20:07:36","guid":{"rendered":"https:\/\/labcia.grupometis.org\/unfv\/?page_id=64"},"modified":"2021-06-01T13:55:27","modified_gmt":"2021-06-01T13:55:27","slug":"planificacion","status":"publish","type":"page","link":"https:\/\/labcia.grupometis.org\/unfv\/planificacion\/","title":{"rendered":"Planificaci\u00f3n"},"content":{"rendered":"\t\t<div data-elementor-type=\"wp-page\" data-elementor-id=\"64\" class=\"elementor elementor-64\" data-elementor-settings=\"[]\">\n\t\t\t\t\t\t\t<div class=\"elementor-section-wrap\">\n\t\t\t\t\t\t\t<section class=\"elementor-section elementor-top-section elementor-element elementor-element-10b5c10 elementor-section-boxed elementor-section-height-default elementor-section-height-default\" data-id=\"10b5c10\" data-element_type=\"section\">\n\t\t\t\t\t\t<div class=\"elementor-container elementor-column-gap-default\">\n\t\t\t\t\t<div class=\"elementor-column elementor-col-100 elementor-top-column elementor-element elementor-element-bedd38c\" data-id=\"bedd38c\" data-element_type=\"column\">\n\t\t\t<div class=\"elementor-widget-wrap elementor-element-populated\">\n\t\t\t\t\t\t\t\t<div class=\"elementor-element elementor-element-abb2540 elementor-widget elementor-widget-text-editor\" data-id=\"abb2540\" data-element_type=\"widget\" data-widget_type=\"text-editor.default\">\n\t\t\t\t<div class=\"elementor-widget-container\">\n\t\t\t\t\t\t\t<p>En este modulo debemos seleccionar el contexto donde se realizar\u00e1n los proyectos, la definici\u00f3n del tema de trabajo que se desarrollar\u00e1 a trav\u00e9s de los proyectos, establecer los retos que se propondr\u00e1n a los participantes en el ciclo de trabajo y elaborar el cronograma de actividades y recursos para la ejecuci\u00f3n del ciclo.\u00a0<\/p><p>Adem\u00e1s el encargado del proyecto podr\u00e1 asignar las tareas que deben realizar los trabajadores del proyecto, y los trabajadores deber\u00e1n generar reportes por los cuales se notara el avance del proyecto.<\/p>\t\t\t\t\t\t<\/div>\n\t\t\t\t<\/div>\n\t\t\t\t\t<\/div>\n\t\t<\/div>\n\t\t\t\t\t\t\t<\/div>\n\t\t<\/section>\n\t\t\t\t<section class=\"elementor-section elementor-top-section elementor-element elementor-element-cc28c8c elementor-section-boxed elementor-section-height-default elementor-section-height-default\" data-id=\"cc28c8c\" data-element_type=\"section\">\n\t\t\t\t\t\t<div class=\"elementor-container elementor-column-gap-default\">\n\t\t\t\t\t<div class=\"elementor-column elementor-col-100 elementor-top-column elementor-element elementor-element-7b12c31\" data-id=\"7b12c31\" data-element_type=\"column\">\n\t\t\t<div class=\"elementor-widget-wrap elementor-element-populated\">\n\t\t\t\t\t\t\t\t<div class=\"elementor-element elementor-element-f333c90 elementor-align-center elementor-button-danger elementor-widget elementor-widget-button\" data-id=\"f333c90\" data-element_type=\"widget\" data-widget_type=\"button.default\">\n\t\t\t\t<div class=\"elementor-widget-container\">\n\t\t\t\t\t<div class=\"elementor-button-wrapper\">\n\t\t\t<a href=\"https:\/\/labcia.grupometis.org\/gestor-de-proyectos\/\" target=\"_blank\" class=\"elementor-button-link elementor-button elementor-size-sm\" role=\"button\">\n\t\t\t\t\t\t<span class=\"elementor-button-content-wrapper\">\n\t\t\t\t\t\t<span class=\"elementor-button-text\">Ir al gestor de proyectos<\/span>\n\t\t<\/span>\n\t\t\t\t\t<\/a>\n\t\t<\/div>\n\t\t\t\t<\/div>\n\t\t\t\t<\/div>\n\t\t\t\t\t<\/div>\n\t\t<\/div>\n\t\t\t\t\t\t\t<\/div>\n\t\t<\/section>\n\t\t\t\t\t\t<\/div>\n\t\t\t\t\t<\/div>\n\t\t","protected":false},"excerpt":{"rendered":"<p>En este modulo debemos seleccionar el contexto donde se realizar\u00e1n los proyectos, la definici\u00f3n del tema de trabajo que se desarrollar\u00e1 a trav\u00e9s de los proyectos, establecer los retos que se propondr\u00e1n a los participantes en el ciclo de trabajo y elaborar el cronograma de actividades y recursos para la ejecuci\u00f3n del ciclo.\u00a0 Adem\u00e1s el [&hellip;]<\/p>\n","protected":false},"author":1,"featured_media":0,"parent":0,"menu_order":0,"comment_status":"closed","ping_status":"closed","template":"","meta":[],"_links":{"self":[{"href":"https:\/\/labcia.grupometis.org\/unfv\/wp-json\/wp\/v2\/pages\/64"}],"collection":[{"href":"https:\/\/labcia.grupometis.org\/unfv\/wp-json\/wp\/v2\/pages"}],"about":[{"href":"https:\/\/labcia.grupometis.org\/unfv\/wp-json\/wp\/v2\/types\/page"}],"author":[{"embeddable":true,"href":"https:\/\/labcia.grupometis.org\/unfv\/wp-json\/wp\/v2\/users\/1"}],"replies":[{"embeddable":true,"href":"https:\/\/labcia.grupometis.org\/unfv\/wp-json\/wp\/v2\/comments?post=64"}],"version-history":[{"count":4,"href":"https:\/\/labcia.grupometis.org\/unfv\/wp-json\/wp\/v2\/pages\/64\/revisions"}],"predecessor-version":[{"id":98,"href":"https:\/\/labcia.grupometis.org\/unfv\/wp-json\/wp\/v2\/pages\/64\/revisions\/98"}],"wp:attachment":[{"href":"https:\/\/labcia.grupometis.org\/unfv\/wp-json\/wp\/v2\/media?parent=64"}],"curies":[{"name":"wp","href":"https:\/\/api.w.org\/{rel}","templated":true}]}}