{"id":60,"date":"2021-05-28T20:01:53","date_gmt":"2021-05-28T20:01:53","guid":{"rendered":"https:\/\/labcia.grupometis.org\/unfv\/?page_id=60"},"modified":"2021-10-04T13:22:38","modified_gmt":"2021-10-04T13:22:38","slug":"formulario-de-inscripcion","status":"publish","type":"page","link":"https:\/\/labcia.grupometis.org\/unfv\/formulario-de-inscripcion\/","title":{"rendered":"Formulario de inscripci\u00f3n"},"content":{"rendered":"\t\t<div data-elementor-type=\"wp-page\" data-elementor-id=\"60\" class=\"elementor elementor-60\" data-elementor-settings=\"[]\">\n\t\t\t\t\t\t\t<div class=\"elementor-section-wrap\">\n\t\t\t\t\t\t\t<section class=\"elementor-section elementor-top-section elementor-element elementor-element-5d1b573 elementor-section-boxed elementor-section-height-default elementor-section-height-default\" data-id=\"5d1b573\" data-element_type=\"section\">\n\t\t\t\t\t\t<div class=\"elementor-container elementor-column-gap-default\">\n\t\t\t\t\t<div class=\"elementor-column elementor-col-100 elementor-top-column elementor-element elementor-element-8b98e9d\" data-id=\"8b98e9d\" data-element_type=\"column\">\n\t\t\t<div class=\"elementor-widget-wrap elementor-element-populated\">\n\t\t\t\t\t\t\t\t<div class=\"elementor-element elementor-element-f5ddce4 elementor-widget elementor-widget-text-editor\" data-id=\"f5ddce4\" data-element_type=\"widget\" data-widget_type=\"text-editor.default\">\n\t\t\t\t<div class=\"elementor-widget-container\">\n\t\t\t\t\t\t\t<p>Estimado postulante se le pide, descargar la ficha de propuesta para adjuntarlo como formato PDF en el formulario de Inscripci\u00f3n :<\/p>\t\t\t\t\t\t<\/div>\n\t\t\t\t<\/div>\n\t\t\t\t<div class=\"elementor-element elementor-element-19c303c elementor-button-info elementor-align-center elementor-widget elementor-widget-button\" data-id=\"19c303c\" data-element_type=\"widget\" data-widget_type=\"button.default\">\n\t\t\t\t<div class=\"elementor-widget-container\">\n\t\t\t\t\t<div class=\"elementor-button-wrapper\">\n\t\t\t<a href=\"https:\/\/labcia.grupometis.org\/unfv\/wp-content\/uploads\/sites\/4\/2021\/09\/FORMATO-DE-PROPUESTA-v2.docx\" class=\"elementor-button-link elementor-button elementor-size-sm\" role=\"button\">\n\t\t\t\t\t\t<span class=\"elementor-button-content-wrapper\">\n\t\t\t\t\t\t<span class=\"elementor-button-icon elementor-align-icon-left\">\n\t\t\t\t<i aria-hidden=\"true\" class=\"far fa-file\"><\/i>\t\t\t<\/span>\n\t\t\t\t\t\t<span class=\"elementor-button-text\">Descargar Ficha de Propuesta<\/span>\n\t\t<\/span>\n\t\t\t\t\t<\/a>\n\t\t<\/div>\n\t\t\t\t<\/div>\n\t\t\t\t<\/div>\n\t\t\t\t\t<\/div>\n\t\t<\/div>\n\t\t\t\t\t\t\t<\/div>\n\t\t<\/section>\n\t\t\t\t<section class=\"elementor-section elementor-top-section elementor-element elementor-element-3cfcc12 elementor-section-boxed elementor-section-height-default elementor-section-height-default\" data-id=\"3cfcc12\" data-element_type=\"section\">\n\t\t\t\t\t\t<div class=\"elementor-container elementor-column-gap-default\">\n\t\t\t\t\t<div class=\"elementor-column elementor-col-100 elementor-top-column elementor-element elementor-element-f0d0987\" data-id=\"f0d0987\" data-element_type=\"column\">\n\t\t\t<div class=\"elementor-widget-wrap elementor-element-populated\">\n\t\t\t\t\t\t\t\t<div class=\"elementor-element elementor-element-e290500 elementor-align-center elementor-widget elementor-widget-button\" data-id=\"e290500\" data-element_type=\"widget\" data-widget_type=\"button.default\">\n\t\t\t\t<div class=\"elementor-widget-container\">\n\t\t\t\t\t<div class=\"elementor-button-wrapper\">\n\t\t\t<a href=\"https:\/\/forms.gle\/1SK9cNTq8tho3yw48\" target=\"_blank\" class=\"elementor-button-link elementor-button elementor-size-sm\" role=\"button\">\n\t\t\t\t\t\t<span class=\"elementor-button-content-wrapper\">\n\t\t\t\t\t\t<span class=\"elementor-button-text\">Ir al formulario de inscripci\u00f3n de convocatorias<\/span>\n\t\t<\/span>\n\t\t\t\t\t<\/a>\n\t\t<\/div>\n\t\t\t\t<\/div>\n\t\t\t\t<\/div>\n\t\t\t\t\t<\/div>\n\t\t<\/div>\n\t\t\t\t\t\t\t<\/div>\n\t\t<\/section>\n\t\t\t\t<section class=\"elementor-section elementor-top-section elementor-element elementor-element-d117513 elementor-section-boxed elementor-section-height-default elementor-section-height-default\" data-id=\"d117513\" data-element_type=\"section\">\n\t\t\t\t\t\t<div class=\"elementor-container elementor-column-gap-default\">\n\t\t\t\t\t<div class=\"elementor-column elementor-col-100 elementor-top-column elementor-element elementor-element-7ff1fe9\" data-id=\"7ff1fe9\" data-element_type=\"column\">\n\t\t\t<div class=\"elementor-widget-wrap elementor-element-populated\">\n\t\t\t\t\t\t\t\t<div class=\"elementor-element elementor-element-e402ce9 elementor-widget elementor-widget-text-editor\" data-id=\"e402ce9\" data-element_type=\"widget\" data-widget_type=\"text-editor.default\">\n\t\t\t\t<div class=\"elementor-widget-container\">\n\t\t\t\t\t\t\t<p><span style=\"color: #000000\">Una vez completado el Formulario de Inscripci\u00f3n se le har\u00e1 llegar por correo electr\u00f3nico los acceso para la Plataforma de Trabajo Cooperativo de LabCia en 48 horas.<\/span><\/p>\t\t\t\t\t\t<\/div>\n\t\t\t\t<\/div>\n\t\t\t\t\t<\/div>\n\t\t<\/div>\n\t\t\t\t\t\t\t<\/div>\n\t\t<\/section>\n\t\t\t\t<section class=\"elementor-section elementor-top-section elementor-element elementor-element-4e58fc9 elementor-section-boxed elementor-section-height-default elementor-section-height-default\" data-id=\"4e58fc9\" data-element_type=\"section\">\n\t\t\t\t\t\t<div class=\"elementor-container elementor-column-gap-default\">\n\t\t\t\t\t<div class=\"elementor-column elementor-col-100 elementor-top-column elementor-element elementor-element-944583d\" data-id=\"944583d\" data-element_type=\"column\">\n\t\t\t<div class=\"elementor-widget-wrap elementor-element-populated\">\n\t\t\t\t\t\t\t\t<div class=\"elementor-element elementor-element-2e677fe elementor-widget elementor-widget-text-editor\" data-id=\"2e677fe\" data-element_type=\"widget\" data-widget_type=\"text-editor.default\">\n\t\t\t\t<div class=\"elementor-widget-container\">\n\t\t\t\t\t\t\t<p><span style=\"color: #000000\">Videos de Gu\u00eda para el Proceso de Inscripci\u00f3n:<\/span><\/p>\t\t\t\t\t\t<\/div>\n\t\t\t\t<\/div>\n\t\t\t\t<div class=\"elementor-element elementor-element-705f4d6 elementor-align-center elementor-widget elementor-widget-button\" data-id=\"705f4d6\" data-element_type=\"widget\" data-widget_type=\"button.default\">\n\t\t\t\t<div class=\"elementor-widget-container\">\n\t\t\t\t\t<div class=\"elementor-button-wrapper\">\n\t\t\t<a href=\"https:\/\/drive.google.com\/file\/d\/1-11RakMO9AFd4UvlbSjkFLDLF6xcUTqj\/view?usp=sharing\" target=\"_blank\" class=\"elementor-button-link elementor-button elementor-size-sm\" role=\"button\">\n\t\t\t\t\t\t<span class=\"elementor-button-content-wrapper\">\n\t\t\t\t\t\t<span class=\"elementor-button-text\">\u00bfC\u00f3mo utilizar el Formulario de Inscripci\u00f3n?<\/span>\n\t\t<\/span>\n\t\t\t\t\t<\/a>\n\t\t<\/div>\n\t\t\t\t<\/div>\n\t\t\t\t<\/div>\n\t\t\t\t<div class=\"elementor-element elementor-element-0df40fb elementor-align-center elementor-widget elementor-widget-button\" data-id=\"0df40fb\" data-element_type=\"widget\" data-widget_type=\"button.default\">\n\t\t\t\t<div class=\"elementor-widget-container\">\n\t\t\t\t\t<div class=\"elementor-button-wrapper\">\n\t\t\t<a href=\"https:\/\/drive.google.com\/file\/d\/1YE1MN_WvidDlAlxb2WWuXE2hp3xE71bu\/view?usp=sharing\" target=\"_blank\" class=\"elementor-button-link elementor-button elementor-size-sm\" role=\"button\">\n\t\t\t\t\t\t<span class=\"elementor-button-content-wrapper\">\n\t\t\t\t\t\t<span class=\"elementor-button-text\">\u00bfC\u00f3mo completar la Ficha de Propuesta?<\/span>\n\t\t<\/span>\n\t\t\t\t\t<\/a>\n\t\t<\/div>\n\t\t\t\t<\/div>\n\t\t\t\t<\/div>\n\t\t\t\t<div class=\"elementor-element elementor-element-e5817f1 elementor-align-center elementor-widget elementor-widget-button\" data-id=\"e5817f1\" data-element_type=\"widget\" data-widget_type=\"button.default\">\n\t\t\t\t<div class=\"elementor-widget-container\">\n\t\t\t\t\t<div class=\"elementor-button-wrapper\">\n\t\t\t<a href=\"https:\/\/drive.google.com\/file\/d\/1QtG47kaRkF2_gIwLQ-6PVuYT9Bja3-AD\/view?usp=sharing\" target=\"_blank\" class=\"elementor-button-link elementor-button elementor-size-sm\" role=\"button\">\n\t\t\t\t\t\t<span class=\"elementor-button-content-wrapper\">\n\t\t\t\t\t\t<span class=\"elementor-button-text\">\u00bfC\u00f3mo usar la Plataforma de Espacio Cooperativo?<\/span>\n\t\t<\/span>\n\t\t\t\t\t<\/a>\n\t\t<\/div>\n\t\t\t\t<\/div>\n\t\t\t\t<\/div>\n\t\t\t\t\t<\/div>\n\t\t<\/div>\n\t\t\t\t\t\t\t<\/div>\n\t\t<\/section>\n\t\t\t\t<section class=\"elementor-section elementor-top-section elementor-element elementor-element-637b327 elementor-section-boxed elementor-section-height-default elementor-section-height-default\" data-id=\"637b327\" data-element_type=\"section\">\n\t\t\t\t\t\t<div class=\"elementor-container elementor-column-gap-default\">\n\t\t\t\t\t<div class=\"elementor-column elementor-col-100 elementor-top-column elementor-element elementor-element-a217677\" data-id=\"a217677\" data-element_type=\"column\">\n\t\t\t<div class=\"elementor-widget-wrap\">\n\t\t\t\t\t\t\t\t\t<\/div>\n\t\t<\/div>\n\t\t\t\t\t\t\t<\/div>\n\t\t<\/section>\n\t\t\t\t\t\t<\/div>\n\t\t\t\t\t<\/div>\n\t\t","protected":false},"excerpt":{"rendered":"<p>Estimado postulante se le pide, descargar la ficha de propuesta para adjuntarlo como formato PDF en el formulario de Inscripci\u00f3n : Descargar Ficha de Propuesta Ir al formulario de inscripci\u00f3n de convocatorias Una vez completado el Formulario de Inscripci\u00f3n se le har\u00e1 llegar por correo electr\u00f3nico los acceso para la Plataforma de Trabajo Cooperativo de [&hellip;]<\/p>\n","protected":false},"author":1,"featured_media":0,"parent":0,"menu_order":0,"comment_status":"closed","ping_status":"closed","template":"","meta":[],"_links":{"self":[{"href":"https:\/\/labcia.grupometis.org\/unfv\/wp-json\/wp\/v2\/pages\/60"}],"collection":[{"href":"https:\/\/labcia.grupometis.org\/unfv\/wp-json\/wp\/v2\/pages"}],"about":[{"href":"https:\/\/labcia.grupometis.org\/unfv\/wp-json\/wp\/v2\/types\/page"}],"author":[{"embeddable":true,"href":"https:\/\/labcia.grupometis.org\/unfv\/wp-json\/wp\/v2\/users\/1"}],"replies":[{"embeddable":true,"href":"https:\/\/labcia.grupometis.org\/unfv\/wp-json\/wp\/v2\/comments?post=60"}],"version-history":[{"count":98,"href":"https:\/\/labcia.grupometis.org\/unfv\/wp-json\/wp\/v2\/pages\/60\/revisions"}],"predecessor-version":[{"id":372,"href":"https:\/\/labcia.grupometis.org\/unfv\/wp-json\/wp\/v2\/pages\/60\/revisions\/372"}],"wp:attachment":[{"href":"https:\/\/labcia.grupometis.org\/unfv\/wp-json\/wp\/v2\/media?parent=60"}],"curies":[{"name":"wp","href":"https:\/\/api.w.org\/{rel}","templated":true}]}}