{"id":2,"date":"2021-05-28T17:18:45","date_gmt":"2021-05-28T17:18:45","guid":{"rendered":"https:\/\/labcia.grupometis.org\/unfv\/?page_id=2"},"modified":"2021-05-28T17:22:21","modified_gmt":"2021-05-28T17:22:21","slug":"pagina-ejemplo","status":"publish","type":"page","link":"https:\/\/labcia.grupometis.org\/unfv\/","title":{"rendered":"Inicio"},"content":{"rendered":"\n<p>Bienvenido a LabCIA \u201cLaboratorios para ciudades creativas, incluyentes y accesibles\u201d, es un programa de investigaci\u00f3n que tiene el prop\u00f3sito de conformar un campo de conocimiento sobre el dise\u00f1o de artefactos tecnol\u00f3gicos y estrategias pedag\u00f3gicas orientadas a la creaci\u00f3n, inclusi\u00f3n y accesibilidad en universidades y ciudades que brinden alternativas a las necesidades de sus integrantes a trav\u00e9s de la formulaci\u00f3n y ejecuci\u00f3n de proyectos de investigaci\u00f3n. El conjunto de conocimientos obtenidos de los proyectos de investigaci\u00f3n alimentan el campo de conocimiento del programa.<\/p>\n","protected":false},"excerpt":{"rendered":"<p>Bienvenido a LabCIA \u201cLaboratorios para ciudades creativas, incluyentes y accesibles\u201d, es un programa de investigaci\u00f3n que tiene el prop\u00f3sito de conformar un campo de conocimiento sobre el dise\u00f1o de artefactos tecnol\u00f3gicos y estrategias pedag\u00f3gicas orientadas a la creaci\u00f3n, inclusi\u00f3n y accesibilidad en universidades y ciudades que brinden alternativas a las necesidades de sus integrantes a [&hellip;]<\/p>\n","protected":false},"author":7,"featured_media":0,"parent":0,"menu_order":0,"comment_status":"closed","ping_status":"open","template":"elementor_header_footer","meta":[],"_links":{"self":[{"href":"https:\/\/labcia.grupometis.org\/unfv\/wp-json\/wp\/v2\/pages\/2"}],"collection":[{"href":"https:\/\/labcia.grupometis.org\/unfv\/wp-json\/wp\/v2\/pages"}],"about":[{"href":"https:\/\/labcia.grupometis.org\/unfv\/wp-json\/wp\/v2\/types\/page"}],"author":[{"embeddable":true,"href":"https:\/\/labcia.grupometis.org\/unfv\/wp-json\/wp\/v2\/users\/7"}],"replies":[{"embeddable":true,"href":"https:\/\/labcia.grupometis.org\/unfv\/wp-json\/wp\/v2\/comments?post=2"}],"version-history":[{"count":2,"href":"https:\/\/labcia.grupometis.org\/unfv\/wp-json\/wp\/v2\/pages\/2\/revisions"}],"predecessor-version":[{"id":7,"href":"https:\/\/labcia.grupometis.org\/unfv\/wp-json\/wp\/v2\/pages\/2\/revisions\/7"}],"wp:attachment":[{"href":"https:\/\/labcia.grupometis.org\/unfv\/wp-json\/wp\/v2\/media?parent=2"}],"curies":[{"name":"wp","href":"https:\/\/api.w.org\/{rel}","templated":true}]}}