{"id":520,"date":"2020-10-24T16:44:58","date_gmt":"2020-10-24T16:44:58","guid":{"rendered":"https:\/\/labcia.grupometis.org\/?page_id=520"},"modified":"2023-12-01T21:19:57","modified_gmt":"2023-12-01T21:19:57","slug":"desarrollo","status":"publish","type":"page","link":"https:\/\/labcia.grupometis.org\/udfjc\/desarrollo\/","title":{"rendered":"Desarrollo"},"content":{"rendered":"\t\t<div data-elementor-type=\"wp-page\" data-elementor-id=\"520\" class=\"elementor elementor-520\" data-elementor-settings=\"[]\">\n\t\t\t\t\t\t<div class=\"elementor-inner\">\n\t\t\t\t\t\t\t<div class=\"elementor-section-wrap\">\n\t\t\t\t\t\t\t<section class=\"elementor-section elementor-top-section elementor-element elementor-element-27a428e elementor-section-boxed elementor-section-height-default elementor-section-height-default\" data-id=\"27a428e\" data-element_type=\"section\">\n\t\t\t\t\t\t<div class=\"elementor-container elementor-column-gap-default\">\n\t\t\t\t\t\t\t<div class=\"elementor-row\">\n\t\t\t\t\t<div class=\"elementor-column elementor-col-100 elementor-top-column elementor-element elementor-element-35fee2b\" data-id=\"35fee2b\" data-element_type=\"column\">\n\t\t\t<div class=\"elementor-column-wrap elementor-element-populated\">\n\t\t\t\t\t\t\t<div class=\"elementor-widget-wrap\">\n\t\t\t\t\t\t<div class=\"elementor-element elementor-element-bfb9c75 elementor-widget elementor-widget-text-editor\" data-id=\"bfb9c75\" data-element_type=\"widget\" data-widget_type=\"text-editor.default\">\n\t\t\t\t<div class=\"elementor-widget-container\">\n\t\t\t\t\t\t\t\t<div class=\"elementor-text-editor elementor-clearfix\">\n\t\t\t\t<p>Aqu\u00ed en este modulo se desarrollar\u00e1 un espacio cooperativo e interactivo, todos los actores que intervienen en cada proyecto tendr\u00e1n herramientas de colaboraci\u00f3n para el contexto de desarrollo que es necesario en cada proyecto. Se integrar\u00e1 y articular\u00e1 un espacio de intercomunicaci\u00f3n e intercambio de conocimiento para la resoluci\u00f3n de problemas comunes de la sociedad.<\/p>\t\t\t\t\t<\/div>\n\t\t\t\t\t\t<\/div>\n\t\t\t\t<\/div>\n\t\t\t\t\t\t<\/div>\n\t\t\t\t\t<\/div>\n\t\t<\/div>\n\t\t\t\t\t\t\t\t<\/div>\n\t\t\t\t\t<\/div>\n\t\t<\/section>\n\t\t\t\t<section class=\"elementor-section elementor-top-section elementor-element elementor-element-125e213 elementor-section-boxed elementor-section-height-default elementor-section-height-default\" data-id=\"125e213\" data-element_type=\"section\">\n\t\t\t\t\t\t<div class=\"elementor-container elementor-column-gap-default\">\n\t\t\t\t\t\t\t<div class=\"elementor-row\">\n\t\t\t\t\t<div class=\"elementor-column elementor-col-50 elementor-top-column elementor-element elementor-element-3ce4b12\" data-id=\"3ce4b12\" data-element_type=\"column\">\n\t\t\t<div class=\"elementor-column-wrap elementor-element-populated\">\n\t\t\t\t\t\t\t<div class=\"elementor-widget-wrap\">\n\t\t\t\t\t\t<div class=\"elementor-element elementor-element-1d34919 elementor-widget elementor-widget-heading\" data-id=\"1d34919\" data-element_type=\"widget\" data-widget_type=\"heading.default\">\n\t\t\t\t<div class=\"elementor-widget-container\">\n\t\t\t<h3 class=\"elementor-heading-title elementor-size-default\">Plataforma de trabajo cooperativo<\/h3>\t\t<\/div>\n\t\t\t\t<\/div>\n\t\t\t\t<div class=\"elementor-element elementor-element-1e94527 elementor-widget elementor-widget-text-editor\" data-id=\"1e94527\" data-element_type=\"widget\" data-widget_type=\"text-editor.default\">\n\t\t\t\t<div class=\"elementor-widget-container\">\n\t\t\t\t\t\t\t\t<div class=\"elementor-text-editor elementor-clearfix\">\n\t\t\t\t<p>Plataforma que permitir\u00e1 al usuario interactuar con su equipo por medio de chats, llamadas, foros, calendario, etc.<\/p><p><span style=\"color: #008000;\"><em><strong>\u00a1Inscr\u00edbete en nuestra plataforma de trabajo cooperativo!<\/strong><\/em><\/span><\/p>\t\t\t\t\t<\/div>\n\t\t\t\t\t\t<\/div>\n\t\t\t\t<\/div>\n\t\t\t\t<div class=\"elementor-element elementor-element-ad66278 elementor-button-danger elementor-align-center elementor-widget elementor-widget-button\" data-id=\"ad66278\" data-element_type=\"widget\" data-widget_type=\"button.default\">\n\t\t\t\t<div class=\"elementor-widget-container\">\n\t\t\t\t\t<div class=\"elementor-button-wrapper\">\n\t\t\t<a href=\"https:\/\/teams.microsoft.com\/_#\/school\/teams-grid\/General?ctx=teamsGrid\" target=\"_blank\" class=\"elementor-button-link elementor-button elementor-size-sm\" role=\"button\">\n\t\t\t\t\t\t<span class=\"elementor-button-content-wrapper\">\n\t\t\t\t\t\t<span class=\"elementor-button-text\">Ir a la plataforma de trabajo cooperativo<\/span>\n\t\t<\/span>\n\t\t\t\t\t<\/a>\n\t\t<\/div>\n\t\t\t\t<\/div>\n\t\t\t\t<\/div>\n\t\t\t\t\t\t<\/div>\n\t\t\t\t\t<\/div>\n\t\t<\/div>\n\t\t\t\t<div class=\"elementor-column elementor-col-50 elementor-top-column elementor-element elementor-element-0c14624\" data-id=\"0c14624\" data-element_type=\"column\">\n\t\t\t<div class=\"elementor-column-wrap elementor-element-populated\">\n\t\t\t\t\t\t\t<div class=\"elementor-widget-wrap\">\n\t\t\t\t\t\t<div class=\"elementor-element elementor-element-294c4b8 elementor-widget elementor-widget-heading\" data-id=\"294c4b8\" data-element_type=\"widget\" data-widget_type=\"heading.default\">\n\t\t\t\t<div class=\"elementor-widget-container\">\n\t\t\t<h3 class=\"elementor-heading-title elementor-size-default\">Gestor de archivos<\/h3>\t\t<\/div>\n\t\t\t\t<\/div>\n\t\t\t\t<div class=\"elementor-element elementor-element-8ad8c31 elementor-widget elementor-widget-text-editor\" data-id=\"8ad8c31\" data-element_type=\"widget\" data-widget_type=\"text-editor.default\">\n\t\t\t\t<div class=\"elementor-widget-container\">\n\t\t\t\t\t\t\t\t<div class=\"elementor-text-editor elementor-clearfix\">\n\t\t\t\t<p>Debido al espacio que disponemos en el host, no es posible brindar acceso a nuestros\u00a0 usuarios a cargar archivos, para ello dispondremos de la herramienta Google drive, la cual se manejara con correo personal o institucional del usuario.\u00a0<\/p>\t\t\t\t\t<\/div>\n\t\t\t\t\t\t<\/div>\n\t\t\t\t<\/div>\n\t\t\t\t\t\t<\/div>\n\t\t\t\t\t<\/div>\n\t\t<\/div>\n\t\t\t\t\t\t\t\t<\/div>\n\t\t\t\t\t<\/div>\n\t\t<\/section>\n\t\t\t\t\t\t<\/div>\n\t\t\t\t\t\t<\/div>\n\t\t\t\t\t<\/div>\n\t\t","protected":false},"excerpt":{"rendered":"<p>Aqu\u00ed en este modulo se desarrollar\u00e1 un espacio cooperativo e interactivo, todos los actores que intervienen en cada proyecto tendr\u00e1n herramientas de colaboraci\u00f3n para el contexto de desarrollo que es necesario en cada proyecto. Se integrar\u00e1 y articular\u00e1 un espacio de intercomunicaci\u00f3n e intercambio de conocimiento para la resoluci\u00f3n de problemas comunes de la sociedad. [&hellip;]<\/p>\n","protected":false},"author":1,"featured_media":0,"parent":0,"menu_order":0,"comment_status":"closed","ping_status":"closed","template":"","meta":[],"_links":{"self":[{"href":"https:\/\/labcia.grupometis.org\/udfjc\/wp-json\/wp\/v2\/pages\/520"}],"collection":[{"href":"https:\/\/labcia.grupometis.org\/udfjc\/wp-json\/wp\/v2\/pages"}],"about":[{"href":"https:\/\/labcia.grupometis.org\/udfjc\/wp-json\/wp\/v2\/types\/page"}],"author":[{"embeddable":true,"href":"https:\/\/labcia.grupometis.org\/udfjc\/wp-json\/wp\/v2\/users\/1"}],"replies":[{"embeddable":true,"href":"https:\/\/labcia.grupometis.org\/udfjc\/wp-json\/wp\/v2\/comments?post=520"}],"version-history":[{"count":15,"href":"https:\/\/labcia.grupometis.org\/udfjc\/wp-json\/wp\/v2\/pages\/520\/revisions"}],"predecessor-version":[{"id":1229,"href":"https:\/\/labcia.grupometis.org\/udfjc\/wp-json\/wp\/v2\/pages\/520\/revisions\/1229"}],"wp:attachment":[{"href":"https:\/\/labcia.grupometis.org\/udfjc\/wp-json\/wp\/v2\/media?parent=520"}],"curies":[{"name":"wp","href":"https:\/\/api.w.org\/{rel}","templated":true}]}}